{"id":374,"date":"2012-10-17T18:37:46","date_gmt":"2012-10-17T23:37:46","guid":{"rendered":"http:\/\/silvinavergara.com\/spanish\/?page_id=374"},"modified":"2012-12-19T15:30:28","modified_gmt":"2012-12-19T21:30:28","slug":"concierto-grace-cathedral-san-francisco","status":"publish","type":"page","link":"https:\/\/silvinavergara.com\/spanish\/galeria-de-videos\/concierto-grace-cathedral-san-francisco\/","title":{"rendered":"Silvina Vergara Concierto Grace Cathedral"},"content":{"rendered":"<div id=\"gt-res-content\">\n<div dir=\"ltr\"><\/div>\n<div dir=\"ltr\"><\/div>\n<p>&nbsp;<\/p>\n<p><br dir=\"ltr\" \/><br \/>\n17 Agosto 2012<br \/>\nSilvina Vergara presento una noche de m\u00fasica y sonido curativo en la Catedral Grace hermoso en el centro de San Francisco!<\/p>\n<p>Me siento honrada de estar facilitando esta noche de magia, la curaci\u00f3n vibracional y la geometr\u00eda sagrada con diez otros sanadores sonidos fant\u00e1sticos.<br \/>\nVen y \u00fanete a nosotros para una noche verdaderamente transformadora!<\/p>\n<\/div>\n<div><\/div>\n<div>Pincha la imagen para ver video<\/div>\n","protected":false},"excerpt":{"rendered":"<p>&nbsp; 17 Agosto 2012 Silvina Vergara presento una noche de m\u00fasica y sonido curativo en la Catedral Grace hermoso en el centro de San Francisco! Me siento honrada de estar facilitando esta noche de magia, la curaci\u00f3n vibracional y la geometr\u00eda sagrada con diez otros sanadores sonidos fant\u00e1sticos. Ven y \u00fanete a nosotros para una noche verdaderamente transformadora! Pincha la imagen para ver video<\/p>\n","protected":false},"author":1,"featured_media":0,"parent":171,"menu_order":0,"comment_status":"open","ping_status":"open","template":"portfolio-1col-cat.php","meta":{"footnotes":""},"class_list":["post-374","page","type-page","status-publish","hentry"],"_links":{"self":[{"href":"https:\/\/silvinavergara.com\/spanish\/wp-json\/wp\/v2\/pages\/374","targetHints":{"allow":["GET"]}}],"collection":[{"href":"https:\/\/silvinavergara.com\/spanish\/wp-json\/wp\/v2\/pages"}],"about":[{"href":"https:\/\/silvinavergara.com\/spanish\/wp-json\/wp\/v2\/types\/page"}],"author":[{"embeddable":true,"href":"https:\/\/silvinavergara.com\/spanish\/wp-json\/wp\/v2\/users\/1"}],"replies":[{"embeddable":true,"href":"https:\/\/silvinavergara.com\/spanish\/wp-json\/wp\/v2\/comments?post=374"}],"version-history":[{"count":13,"href":"https:\/\/silvinavergara.com\/spanish\/wp-json\/wp\/v2\/pages\/374\/revisions"}],"predecessor-version":[{"id":616,"href":"https:\/\/silvinavergara.com\/spanish\/wp-json\/wp\/v2\/pages\/374\/revisions\/616"}],"up":[{"embeddable":true,"href":"https:\/\/silvinavergara.com\/spanish\/wp-json\/wp\/v2\/pages\/171"}],"wp:attachment":[{"href":"https:\/\/silvinavergara.com\/spanish\/wp-json\/wp\/v2\/media?parent=374"}],"curies":[{"name":"wp","href":"https:\/\/api.w.org\/{rel}","templated":true}]}}