{"id":40,"date":"2012-09-21T22:20:16","date_gmt":"2012-09-21T22:20:16","guid":{"rendered":"http:\/\/silvinavergara.com\/spanish\/?page_id=40"},"modified":"2026-01-07T01:53:43","modified_gmt":"2026-01-07T07:53:43","slug":"noticias","status":"publish","type":"page","link":"https:\/\/silvinavergara.com\/spanish\/noticias\/","title":{"rendered":"Noticias &#038; Eventos"},"content":{"rendered":"<div id=\"attachment_932\" style=\"width: 160px\" class=\"wp-caption alignnone\"><a href=\"http:\/\/silvinavergara.com\/spanish\/wp-content\/uploads\/2012\/09\/teather.jpg\"><img loading=\"lazy\" decoding=\"async\" aria-describedby=\"caption-attachment-932\" class=\"size-thumbnail wp-image-932\" title=\"Sivina Vergara \" src=\"http:\/\/silvinavergara.com\/spanish\/wp-content\/uploads\/2012\/09\/teather-150x150.jpg\" alt=\"teather San Francisco California\" width=\"150\" height=\"150\" srcset=\"https:\/\/silvinavergara.com\/spanish\/wp-content\/uploads\/2012\/09\/teather-150x150.jpg 150w, https:\/\/silvinavergara.com\/spanish\/wp-content\/uploads\/2012\/09\/teather-50x50.jpg 50w, https:\/\/silvinavergara.com\/spanish\/wp-content\/uploads\/2012\/09\/teather-240x240.jpg 240w, https:\/\/silvinavergara.com\/spanish\/wp-content\/uploads\/2012\/09\/teather-100x100.jpg 100w\" sizes=\"auto, (max-width: 150px) 100vw, 150px\" \/><\/a><p id=\"caption-attachment-932\" class=\"wp-caption-text\">Sound Healing<\/p><\/div>\n<p><strong>Oct\u00a0 27, 2013 4 pm<\/strong><\/p>\n<p><a title=\"Aboout Silvina Vergara\" href=\"http:\/\/silvinavergara.com\/english\/about-silvina-vergara\/\" target=\"_blank\" rel=\"noopener\">Silvina Vergara<\/a> Cuencos de Cristal\/Voz<br \/>\nConcierto Poder del Amor<br \/>\nun viaje de transformacion<br \/>\nsonido, m\u00fasica y visuales que abriran su coraz\u00f3n<br \/>\nPresentado por<br \/>\nBrava Theater Center<br \/>\n2781 24th Street, San Francisco 94110<br \/>\n<strong>Domingo\u00a0 27 Octubre 5-8 PM<\/strong><br \/>\nAcceso al publico\u00a0 4:00 pm<\/p>\n<div id=\"attachment_908\" style=\"width: 160px\" class=\"wp-caption alignnone\"><a href=\"http:\/\/silvinavergara.com\/spanish\/wp-content\/uploads\/2013\/08\/baner-akumal-300.jpg\"><img loading=\"lazy\" decoding=\"async\" aria-describedby=\"caption-attachment-908\" class=\"size-thumbnail wp-image-908\" title=\"Silvina Vergara Taller Sonido y Movimiento akumal-2013\" src=\"http:\/\/silvinavergara.com\/spanish\/wp-content\/uploads\/2013\/08\/baner-akumal-300-150x150.jpg\" alt=\"Taller Sonido y Movimiento akumal-2013\" width=\"150\" height=\"150\" srcset=\"https:\/\/silvinavergara.com\/spanish\/wp-content\/uploads\/2013\/08\/baner-akumal-300-150x150.jpg 150w, https:\/\/silvinavergara.com\/spanish\/wp-content\/uploads\/2013\/08\/baner-akumal-300.jpg 300w, https:\/\/silvinavergara.com\/spanish\/wp-content\/uploads\/2013\/08\/baner-akumal-300-50x50.jpg 50w, https:\/\/silvinavergara.com\/spanish\/wp-content\/uploads\/2013\/08\/baner-akumal-300-240x240.jpg 240w, https:\/\/silvinavergara.com\/spanish\/wp-content\/uploads\/2013\/08\/baner-akumal-300-100x100.jpg 100w\" sizes=\"auto, (max-width: 150px) 100vw, 150px\" \/><\/a><p id=\"caption-attachment-908\" class=\"wp-caption-text\">Silvina Vergara Taller Sonido y Movimiento akumal-2013<\/p><\/div>\n<p><strong>Oct\u00a0 19\/20 2013 <\/strong><\/p>\n<p><strong>Un dia de trasformacion con<\/strong> <strong>Silvina Vergara<\/strong><br \/>\nTaller Sonido y Movimiento<br \/>\nAkumal Beach Mexico<br \/>\n<a href=\"http:\/\/www.silvinavergara.com\/talleres\/Sonido_y_Movimiento_2013.htmlhttp:\/\/\" target=\"_blank\" rel=\"noopener\"><strong>Mas informacion aqui<\/strong><\/a><\/p>\n<div id=\"attachment_868\" style=\"width: 160px\" class=\"wp-caption alignleft\"><a href=\"http:\/\/silvinavergara.com\/spanish\/wp-content\/uploads\/2013\/08\/video.jpg\"><img loading=\"lazy\" decoding=\"async\" aria-describedby=\"caption-attachment-868\" class=\"alignnone size-thumbnail wp-image-919\" src=\"http:\/\/silvinavergara.com\/spanish\/wp-content\/uploads\/2013\/08\/video-150x150.jpg\" alt=\"video Clip Claro de Luna\" width=\"150\" height=\"150\" srcset=\"https:\/\/silvinavergara.com\/spanish\/wp-content\/uploads\/2013\/08\/video-150x150.jpg 150w, https:\/\/silvinavergara.com\/spanish\/wp-content\/uploads\/2013\/08\/video-50x50.jpg 50w, https:\/\/silvinavergara.com\/spanish\/wp-content\/uploads\/2013\/08\/video-240x240.jpg 240w, https:\/\/silvinavergara.com\/spanish\/wp-content\/uploads\/2013\/08\/video-100x100.jpg 100w\" sizes=\"auto, (max-width: 150px) 100vw, 150px\" \/><\/a><p id=\"caption-attachment-868\" class=\"wp-caption-text\">Video Clip\u00a0 Claro de Luna en el Bosque Imagenes<\/p><\/div>\n<p>Este fin de semana Silvina Vergara inicio con las grabaciones del pr\u00f3ximo video clip de uno de los temas de su m\u00e1s reciente CD Claro de Luna en el Bosque el cual estar\u00e1 disponible el pr\u00f3ximo mes de Julio\u00a0 compartimos las primeras imagenes. <a href=\"http:\/\/silvinavergara.com\/spanish\/portfolio-items\/primeras-imagenes-del-proximo-video-luz-de-luna\/\" target=\"_blank\" rel=\"noopener\">click aqui<\/a><\/p>\n<div id=\"attachment_764\" style=\"width: 160px\" class=\"wp-caption alignleft\"><a href=\"http:\/\/silvinavergara.com\/spanish\/wp-content\/uploads\/2013\/03\/concierto-soundhealing-Silvina-Vergara.jpg\"><img loading=\"lazy\" decoding=\"async\" aria-describedby=\"caption-attachment-764\" class=\"size-thumbnail wp-image-764\" src=\"http:\/\/silvinavergara.com\/spanish\/wp-content\/uploads\/2013\/03\/concierto-soundhealing-Silvina-Vergara-150x150.jpg\" alt=\"Concierto Silvina Vergara-Steven Halpern\" width=\"150\" height=\"150\" srcset=\"https:\/\/silvinavergara.com\/spanish\/wp-content\/uploads\/2013\/03\/concierto-soundhealing-Silvina-Vergara-150x150.jpg 150w, https:\/\/silvinavergara.com\/spanish\/wp-content\/uploads\/2013\/03\/concierto-soundhealing-Silvina-Vergara-50x50.jpg 50w, https:\/\/silvinavergara.com\/spanish\/wp-content\/uploads\/2013\/03\/concierto-soundhealing-Silvina-Vergara-240x240.jpg 240w, https:\/\/silvinavergara.com\/spanish\/wp-content\/uploads\/2013\/03\/concierto-soundhealing-Silvina-Vergara-100x100.jpg 100w\" sizes=\"auto, (max-width: 150px) 100vw, 150px\" \/><\/a><p id=\"caption-attachment-764\" class=\"wp-caption-text\">Concierto Silvina Vergara, Steven Halrpern<\/p><\/div>\n<p>Concierto\u00a0 Sonidos que sanana ( 5 Mayo -2013) San Francisco California Concierto\u00a0 El Sonido del Amor Para Abrir el Coraz\u00f3n<br \/>\nParticipaci\u00f3n<br \/>\nSteven Halpern- Invitado Especial<br \/>\nSilvina Vergara \u2013 Vocals and Crystal Bowls (Voz y Cuencos de Cristal) <a href=\"http:\/\/silvinavergara.com\/spanish\/silvina-vergara-concierto-sonidos-que-sanan\/\" target=\"_blank\" rel=\"noopener\">mas informaci\u00f3n Aqui<\/a><\/p>\n<div id=\"attachment_604\" style=\"width: 160px\" class=\"wp-caption alignleft\"><img loading=\"lazy\" decoding=\"async\" aria-describedby=\"caption-attachment-604\" class=\"size-thumbnail wp-image-604\" src=\"http:\/\/silvinavergara.com\/spanish\/wp-content\/uploads\/2012\/12\/sivlina-foto-150x150.jpg\" alt=\"Evento Uniendonos al Latir de Universo (sanacion con Sonido) Impartido por Silvina Vergara Rosario Argentina 21-12-2012\" width=\"150\" height=\"150\" srcset=\"https:\/\/silvinavergara.com\/spanish\/wp-content\/uploads\/2012\/12\/sivlina-foto-150x150.jpg 150w, https:\/\/silvinavergara.com\/spanish\/wp-content\/uploads\/2012\/12\/sivlina-foto-50x50.jpg 50w, https:\/\/silvinavergara.com\/spanish\/wp-content\/uploads\/2012\/12\/sivlina-foto-240x240.jpg 240w, https:\/\/silvinavergara.com\/spanish\/wp-content\/uploads\/2012\/12\/sivlina-foto-100x100.jpg 100w\" sizes=\"auto, (max-width: 150px) 100vw, 150px\" \/><p id=\"caption-attachment-604\" class=\"wp-caption-text\">Evento Uniendonos al Latir de Universo (sanacion con Sonido) Impartido por Silvina Vergara Rosario Argentina 21-12-2012<\/p><\/div>\n<p>Uniendonos al Latir del Universo (Sanacion con Sonido) 21-12-2012 ingresa aqui para mas detalles<\/p>\n<div id=\"attachment_428\" style=\"width: 160px\" class=\"wp-caption alignleft\"><img loading=\"lazy\" decoding=\"async\" aria-describedby=\"caption-attachment-428\" class=\"size-thumbnail wp-image-428 \" src=\"http:\/\/silvinavergara.com\/spanish\/wp-content\/uploads\/2012\/11\/Silvina-Terapia-de-movimiento-2-020-150x150.jpg\" alt=\"Silvina Taller  La Danza como Medicina\" width=\"150\" height=\"150\" srcset=\"https:\/\/silvinavergara.com\/spanish\/wp-content\/uploads\/2012\/11\/Silvina-Terapia-de-movimiento-2-020-150x150.jpg 150w, https:\/\/silvinavergara.com\/spanish\/wp-content\/uploads\/2012\/11\/Silvina-Terapia-de-movimiento-2-020-50x50.jpg 50w, https:\/\/silvinavergara.com\/spanish\/wp-content\/uploads\/2012\/11\/Silvina-Terapia-de-movimiento-2-020-240x240.jpg 240w, https:\/\/silvinavergara.com\/spanish\/wp-content\/uploads\/2012\/11\/Silvina-Terapia-de-movimiento-2-020-100x100.jpg 100w\" sizes=\"auto, (max-width: 150px) 100vw, 150px\" \/><p id=\"caption-attachment-428\" class=\"wp-caption-text\">Talleres impartidos por Silvina Vergara<br \/>La Danza como Medicina<\/p><\/div>\n<p>La Danza como Medicina ingresar<br \/>\n<a title=\"Taller la Danza Como Medicina\" href=\"http:\/\/silvinavergara.com\/spanish\/taller-el-baile-como-medicina\/\">aqui para mas detalles<\/a><\/p>\n<div id=\"attachment_614\" style=\"width: 160px\" class=\"wp-caption alignleft\"><img loading=\"lazy\" decoding=\"async\" aria-describedby=\"caption-attachment-614\" class=\"size-thumbnail wp-image-614\" src=\"http:\/\/silvinavergara.com\/spanish\/wp-content\/uploads\/2012\/09\/IMG_1439-150x150.jpg\" alt=\"Concierto Sivlina Vergara Grace Cathedral San Francisco CaliforniaConcierto Sivlina Vergara Grace Cathedral San Francisco California\" width=\"150\" height=\"150\" srcset=\"https:\/\/silvinavergara.com\/spanish\/wp-content\/uploads\/2012\/09\/IMG_1439-150x150.jpg 150w, https:\/\/silvinavergara.com\/spanish\/wp-content\/uploads\/2012\/09\/IMG_1439-50x50.jpg 50w, https:\/\/silvinavergara.com\/spanish\/wp-content\/uploads\/2012\/09\/IMG_1439-240x240.jpg 240w, https:\/\/silvinavergara.com\/spanish\/wp-content\/uploads\/2012\/09\/IMG_1439-100x100.jpg 100w\" sizes=\"auto, (max-width: 150px) 100vw, 150px\" \/><p id=\"caption-attachment-614\" class=\"wp-caption-text\">Concierto (Sanacion con Sonido)\u00a0 Silvina Vergara Grace Cathedral San Francisco<\/p><\/div>\n<p>Silvina Vergara\u00a0 Concierto (Sanacion con Sonido)<br \/>\nGrace Cathedral en San Francisco California mas<br \/>\ninformacion <a href=\"http:\/\/silvinavergara.com\/spanish\/galeria-de-videos\/concierto-grace-cathedral-san-francisco\/\">ingresa aqui<\/a><\/p>\n<div id=\"attachment_624\" style=\"width: 160px\" class=\"wp-caption alignleft\"><a href=\"http:\/\/silvinavergara.com\/spanish\/noticias\/430055_10151091786621828_219121288_n\/\" rel=\"attachment wp-att-624\"><img loading=\"lazy\" decoding=\"async\" aria-describedby=\"caption-attachment-624\" class=\"size-thumbnail wp-image-624\" src=\"http:\/\/silvinavergara.com\/spanish\/wp-content\/uploads\/2012\/09\/430055_10151091786621828_219121288_n-150x150.jpg\" alt=\"Galeria de Arte  Vitkovsky Fine Art Tarde especial  De sonido Sanador con Silvina Vergara\" width=\"150\" height=\"150\" srcset=\"https:\/\/silvinavergara.com\/spanish\/wp-content\/uploads\/2012\/09\/430055_10151091786621828_219121288_n-150x150.jpg 150w, https:\/\/silvinavergara.com\/spanish\/wp-content\/uploads\/2012\/09\/430055_10151091786621828_219121288_n-50x50.jpg 50w, https:\/\/silvinavergara.com\/spanish\/wp-content\/uploads\/2012\/09\/430055_10151091786621828_219121288_n-240x240.jpg 240w, https:\/\/silvinavergara.com\/spanish\/wp-content\/uploads\/2012\/09\/430055_10151091786621828_219121288_n-100x100.jpg 100w\" sizes=\"auto, (max-width: 150px) 100vw, 150px\" \/><\/a><p id=\"caption-attachment-624\" class=\"wp-caption-text\">Galeria de Arte Vitkovsky Fine Art Tarde especial De sonido Sanador con Silvina Vergara<\/p><\/div>\n<p>Galeria de Arte\u00a0 Vitkovsky Fine Art San Francisco Ca.<br \/>\nTarde especial\u00a0 De sonido Sanador con Silvina Vergara proximo 21-10-2012<\/p>\n<div id=\"attachment_387\" style=\"width: 160px\" class=\"wp-caption alignleft\"><a href=\"http:\/\/silvinavergara.com\/spanish\/portfolio-items\/taller-akumal-mexico\/\"><img loading=\"lazy\" decoding=\"async\" aria-describedby=\"caption-attachment-387\" class=\"size-thumbnail wp-image-387\" src=\"http:\/\/silvinavergara.com\/spanish\/wp-content\/uploads\/2012\/10\/2-Time-0_00_4523-150x150.png\" alt=\"workshop -Taller Silvina Vergara Akumal M\u00e9xico\" width=\"150\" height=\"150\" srcset=\"https:\/\/silvinavergara.com\/spanish\/wp-content\/uploads\/2012\/10\/2-Time-0_00_4523-150x150.png 150w, https:\/\/silvinavergara.com\/spanish\/wp-content\/uploads\/2012\/10\/2-Time-0_00_4523-50x50.png 50w, https:\/\/silvinavergara.com\/spanish\/wp-content\/uploads\/2012\/10\/2-Time-0_00_4523-240x240.png 240w, https:\/\/silvinavergara.com\/spanish\/wp-content\/uploads\/2012\/10\/2-Time-0_00_4523-100x100.png 100w\" sizes=\"auto, (max-width: 150px) 100vw, 150px\" \/><\/a><p id=\"caption-attachment-387\" class=\"wp-caption-text\"><a href=\"http:\/\/silvinavergara.com\/spanish\/portfolio-items\/taller-akumal-mexico\/\">Workshop-Taller Silvina <\/a>Vergara Akumal M\u00e9xico<\/p><\/div>\n<p>Evento 11-11-11-Taller<br \/>\nLugar\u00a0 Rivera Maya\u00a0 Silvina se presenta en conjunto con Phil Alfaro, Victor Espejo en Akumal M\u00e9xico<br \/>\nSanacion Con Sonido (Sound Healing) Danza como Medicina (Dance Healing)<\/p>\n<p>i<a href=\"http:\/\/silvinavergara.com\/spanish\/portfolio-items\/taller-akumal-mexico\/\">ngresa aqui para mas informacion<\/a><\/p>\n<div id=\"attachment_236\" style=\"width: 160px\" class=\"wp-caption alignleft\"><img loading=\"lazy\" decoding=\"async\" aria-describedby=\"caption-attachment-236\" class=\"size-thumbnail wp-image-236\" title=\"Silvina Vergara Univision Terapia de Sanacion con Sonido\" src=\"http:\/\/silvinavergara.com\/spanish\/wp-content\/uploads\/2012\/10\/Silvina_Vergara_Tv_Unvision-1-150x150.jpg\" alt=\"Silvina Vergara Univision Terapia de Sanacion con Sonido\" width=\"150\" height=\"150\" srcset=\"https:\/\/silvinavergara.com\/spanish\/wp-content\/uploads\/2012\/10\/Silvina_Vergara_Tv_Unvision-1-150x150.jpg 150w, https:\/\/silvinavergara.com\/spanish\/wp-content\/uploads\/2012\/10\/Silvina_Vergara_Tv_Unvision-1-50x50.jpg 50w, https:\/\/silvinavergara.com\/spanish\/wp-content\/uploads\/2012\/10\/Silvina_Vergara_Tv_Unvision-1-240x240.jpg 240w, https:\/\/silvinavergara.com\/spanish\/wp-content\/uploads\/2012\/10\/Silvina_Vergara_Tv_Unvision-1-100x100.jpg 100w\" sizes=\"auto, (max-width: 150px) 100vw, 150px\" \/><p id=\"caption-attachment-236\" class=\"wp-caption-text\">Silvina Vergara Univision Terapia de Sanacion con Sonido<\/p><\/div>\n<p>Entevista Univison\u00a0\u00a0 Terapia de Sanacion con Sonido<\/p>\n<p><a href=\"http:\/\/silvinavergara.com\/spanish\/silvina-vergara-univision-terapia-del-sanacion-con-sonido\/\">Ingresa qui para mas detalles <\/a><\/p>\n\n\n<p><\/p>\n","protected":false},"excerpt":{"rendered":"<p>Oct\u00a0 27, 2013 4 pm Silvina Vergara Cuencos de Cristal\/Voz Concierto Poder del Amor un viaje de transformacion sonido, m\u00fasica y visuales que abriran su coraz\u00f3n Presentado por Brava Theater Center 2781 24th Street, San Francisco 94110 Domingo\u00a0 27 Octubre 5-8 PM Acceso al publico\u00a0 4:00 pm Oct\u00a0 19\/20 2013 Un dia de trasformacion con Silvina Vergara Taller Sonido y Movimiento Akumal Beach Mexico Mas informacion aqui Este fin de semana Silvina Vergara inicio con las grabaciones del pr\u00f3ximo video&hellip;<\/p>\n","protected":false},"author":1,"featured_media":0,"parent":0,"menu_order":0,"comment_status":"open","ping_status":"open","template":"page-templates\/template-services.php","meta":{"footnotes":""},"class_list":["post-40","page","type-page","status-publish","hentry"],"_links":{"self":[{"href":"https:\/\/silvinavergara.com\/spanish\/wp-json\/wp\/v2\/pages\/40","targetHints":{"allow":["GET"]}}],"collection":[{"href":"https:\/\/silvinavergara.com\/spanish\/wp-json\/wp\/v2\/pages"}],"about":[{"href":"https:\/\/silvinavergara.com\/spanish\/wp-json\/wp\/v2\/types\/page"}],"author":[{"embeddable":true,"href":"https:\/\/silvinavergara.com\/spanish\/wp-json\/wp\/v2\/users\/1"}],"replies":[{"embeddable":true,"href":"https:\/\/silvinavergara.com\/spanish\/wp-json\/wp\/v2\/comments?post=40"}],"version-history":[{"count":41,"href":"https:\/\/silvinavergara.com\/spanish\/wp-json\/wp\/v2\/pages\/40\/revisions"}],"predecessor-version":[{"id":3444,"href":"https:\/\/silvinavergara.com\/spanish\/wp-json\/wp\/v2\/pages\/40\/revisions\/3444"}],"wp:attachment":[{"href":"https:\/\/silvinavergara.com\/spanish\/wp-json\/wp\/v2\/media?parent=40"}],"curies":[{"name":"wp","href":"https:\/\/api.w.org\/{rel}","templated":true}]}}