{"id":557,"date":"2012-11-27T02:22:18","date_gmt":"2012-11-27T08:22:18","guid":{"rendered":"http:\/\/silvinavergara.com\/spanish\/?page_id=557"},"modified":"2014-01-28T06:35:38","modified_gmt":"2014-01-28T12:35:38","slug":"discografia","status":"publish","type":"page","link":"https:\/\/silvinavergara.com\/spanish\/discografia\/","title":{"rendered":"Discograf\u00eda\/Cd"},"content":{"rendered":"<h4><span style=\"color: #6b6b6b;\">\u00a0<\/span><\/h4>\n<h4><\/h4>\n<h4><\/h4>\n<h3 id=\"album-page-album\">Alma del Viento<\/h3>\n<h4><\/h4>\n<address>Por Silvina Vergara<\/address>\n<h4><\/h4>\n<address>\u00a9 Copyright &#8211; Silvina Vergara \/<\/address>\n<address>\u00a0<\/address>\n<address><a href=\"http:\/\/silvinavergara.com\/spanish\/wp-content\/uploads\/2012\/11\/Soul-of-the-Wind-CD-caja-Online.png\">\u00a0\u00a0\u00a0\u00a0\u00a0\u00a0\u00a0\u00a0\u00a0\u00a0 <img loading=\"lazy\" decoding=\"async\" class=\"alignnone size-full wp-image-1058\" alt=\"Soul-of-the-Wind-CD-caja-Online\" src=\"http:\/\/silvinavergara.com\/spanish\/wp-content\/uploads\/2012\/11\/Soul-of-the-Wind-CD-caja-Online.png\" width=\"242\" height=\"273\" \/><\/a><\/address>\n<h4>\u00a0 \u00a0 \u00a0 \u00a0 \u00a0 \u00a0 \u00a0 \u00a0 \u00a0 \u00a0 \u00a0 \u00a0 \u00a0 \u00a0 \u00a0 \u00a0 \u00a0 \u00a0 \u00a0 \u00a0 \u00a0 \u00a0 \u00a0 \u00a0 \u00a0 \u00a0 \u00a0\u00a0<span style=\"color: #0290d3;\"> <a href=\"https:\/\/www.paypal.com\/cgi-bin\/webscr?cmd=_s-xclick&amp;hosted_button_id=489YUUBJLMH9Q\"><span style=\"color: #0290d3;\">Ordenar CD\u00a0 Aqui<\/span><\/a><\/span><\/h4>\n<h4><\/h4>\n<address>\u00a0<\/address>\n<address>\u00a0<\/address>\n<address>\u00a0<\/address>\n<h4><\/h4>\n<h3 id=\"album-page-album\"><span style=\"color: #6b6b6b;\">Claro de Luna en el Bosque \/Moonlight Sonata In The Woods<\/span><\/h3>\n<address><span style=\"color: #6b6b6b;\">Por Silvina Vergara<\/span><\/address>\n<address><span style=\"color: #808080;\">\u00a9 Copyright &#8211; Silvina Vergara \/ Silvina Vergara (888174030753)<\/span><\/address>\n<p style=\"text-align: left;\">\u00a0 \u00a0 \u00a0 \u00a0 \u00a0 \u00a0 \u00a0 <a href=\"http:\/\/silvinavergara.com\/spanish\/wp-content\/uploads\/2012\/11\/Moonlight-Sonata-caja-Online.png\"><img loading=\"lazy\" decoding=\"async\" class=\"alignnone size-full wp-image-1059\" alt=\"Moonlight-Sonata-caja-Online\" src=\"http:\/\/silvinavergara.com\/spanish\/wp-content\/uploads\/2012\/11\/Moonlight-Sonata-caja-Online.png\" width=\"248\" height=\"259\" \/><\/a><\/p>\n<address style=\"text-align: left;\">Julio 2013<br \/>\n53 Minutos<\/address>\n<address style=\"text-align: left;\">Categoria Nueva Era\/Sanaci\u00f3n con Sonido\/<br \/>\nMeditaci\u00f3n con Sonido\/Cuencos de Cristal<\/address>\n<h4 style=\"text-align: center;\"><span style=\"color: #176bce;\"><span style=\"color: #068bcf;\"><a href=\"http:\/\/www.silvinavergara.com\/spanish\/clarodeluna\/cv-espanol\/orden-CD-espanol.html\" target=\"_blank\"><span style=\"color: #068bcf;\">Ordenar CD Aqui<\/span><\/a>\u00a0 \u00a0\u00a0<\/span> <a href=\"http:\/\/www.silvinavergara.com\/spanish\/clarodeluna\/cv-espanol\/orden-online-espanol.html\"><span style=\"color: #176bce;\">Ordenar Album Digital Aqui<\/span><\/a><\/span><\/h4>\n<p style=\"text-align: left;\">1. Claro de Luna en el Bosque Version Larga \u00a0\u00a0 \u00a0 <a href=\"http:\/\/www.silvinavergara.com\/spanish\/clarodeluna\/demo\/music\/Track-1.html\"><img loading=\"lazy\" decoding=\"async\" alt=\"Escuchar Claro de Luna\" src=\"http:\/\/www.silvinavergara.com\/spanish\/clarodeluna\/demo\/salespage\/listen.png\" width=\"43\" height=\"20\" \/><\/a><\/p>\n<p style=\"text-align: left;\">2. Claro de Luna en el Bosque Version Corta \u00a0\u00a0 \u00a0 <a href=\"http:\/\/www.silvinavergara.com\/spanish\/clarodeluna\/demo\/music\/Track-2.html\"><img loading=\"lazy\" decoding=\"async\" alt=\"escuchar-Claro de Luna\" src=\"http:\/\/www.silvinavergara.com\/spanish\/clarodeluna\/demo\/salespage\/listen.png\" width=\"44\" height=\"19\" \/><\/a><\/p>\n<p style=\"text-align: left;\">3. La Camara Sagrada del Coraz\u00f3n\u00a0\u00a0\u00a0\u00a0\u00a0\u00a0\u00a0\u00a0\u00a0\u00a0\u00a0\u00a0 \u00a0 \u00a0 \u00a0 \u00a0\u00a0\u00a0 <a href=\"http:\/\/www.silvinavergara.com\/spanish\/clarodeluna\/demo\/music\/Track-3.html\"><img loading=\"lazy\" decoding=\"async\" alt=\"Escuchar Track Claro de Luna\" src=\"http:\/\/www.silvinavergara.com\/spanish\/clarodeluna\/demo\/salespage\/listen.png\" width=\"44\" height=\"19\" \/><\/a><\/p>\n<p style=\"text-align: left;\">4. Creaci\u00f3n\/Creation\u00a0\u00a0\u00a0\u00a0\u00a0\u00a0\u00a0\u00a0\u00a0\u00a0\u00a0\u00a0\u00a0\u00a0\u00a0\u00a0\u00a0\u00a0\u00a0\u00a0\u00a0\u00a0\u00a0\u00a0\u00a0\u00a0\u00a0\u00a0\u00a0\u00a0\u00a0\u00a0\u00a0\u00a0\u00a0\u00a0\u00a0\u00a0\u00a0\u00a0 \u00a0 \u00a0 \u00a0\u00a0 <a href=\"http:\/\/www.silvinavergara.com\/spanish\/clarodeluna\/demo\/music\/Track-4.html\"><img loading=\"lazy\" decoding=\"async\" alt=\"Escuchar Claro de Luna\" src=\"http:\/\/www.silvinavergara.com\/spanish\/clarodeluna\/demo\/salespage\/listen.png\" width=\"43\" height=\"20\" \/><\/a><\/p>\n<p style=\"text-align: left;\">5. Ni\u00f1o Interior\/Inner Child\u00a0\u00a0\u00a0\u00a0\u00a0\u00a0\u00a0\u00a0\u00a0\u00a0\u00a0\u00a0\u00a0\u00a0\u00a0\u00a0\u00a0\u00a0\u00a0\u00a0\u00a0\u00a0\u00a0\u00a0\u00a0\u00a0\u00a0\u00a0 \u00a0 \u00a0\u00a0 <a href=\"http:\/\/www.silvinavergara.com\/spanish\/clarodeluna\/demo\/music\/Track-1.html\"><img loading=\"lazy\" decoding=\"async\" alt=\"Escuchar Claro de Luna\" src=\"http:\/\/www.silvinavergara.com\/spanish\/clarodeluna\/demo\/salespage\/listen.png\" width=\"45\" height=\"22\" \/><\/a><\/p>\n<p style=\"text-align: left;\"><strong>Entrevista a Silvina Vergara<\/strong>\u00a0 <span style=\"color: #176bce;\">acerca de Claro de Luna en el Bosque:<\/span><br \/>\n<span style=\"color: #176bce;\"> \u00abClaro de Luna de Beethoven\u00bb,\u00a0 de momento sent\u00ed una mezcla de voz interior con una fuerza inspiradora, una llama, un conjunto de luces y energ\u00edas:\u00a0 .<span style=\"color: #000000;\">.<a href=\"http:\/\/www.entrevista-cl.silvinavergara.com\" target=\"_blank\"><span style=\"color: #000000;\">\u00a0 para leer mas click aqui<\/span><\/a><\/span><\/span><\/p>\n<p>&nbsp;<\/p>\n<p>&nbsp;<\/p>\n<p><strong><a href=\"http:\/\/silvinavergara.com\/spanish\/wp-content\/uploads\/2012\/11\/angeles-caja-online1.png\"><img loading=\"lazy\" decoding=\"async\" title=\"Silvina y Los Angeles\" alt=\"\" src=\"http:\/\/silvinavergara.com\/spanish\/wp-content\/uploads\/2012\/11\/angeles-caja-online1.png\" width=\"297\" height=\"283\" \/><\/a><\/strong><\/p>\n<p><strong>Silvina y Los Angeles<\/strong><br \/>\nfebrero 20 2006<br \/>\n53 Minutos<br \/>\nCategoria Nueva Era\/Sanaci\u00f3n con Sonido\/Meditaci\u00f3n con Sonido\/Cuencos de Cristal<br \/>\nM\u00fasica,Voz y Cuencos de Cristal\u00a0 Silvina Vergara &#8211;\u00a0 David Gibson &#8211; Tonalidad<\/p>\n<p>Con esta grabaci\u00f3n usted difrutara de profunda relajaci\u00f3n, creara estados meditativos de consciencia; la voz de Silvina Vergara \u00a0inspiradora \u00a0trae olas de amor.<br \/>\nCuando Silvina Vergara inicio su canto, fotograf\u00edas de ni\u00f1os de todo el mundo comenzaron a aparecer y ella sinti\u00f3 en su coraz\u00f3n una apertura en respuesta a su presencia. se entreg\u00f3 a la presencia amorosa y de gran conexi\u00f3n con el esp\u00edritu<br \/>\n1.-Pachelbel Canon Demo<br \/>\n<object id=\"dewplayer\" width=\"200\" height=\"20\" classid=\"clsid:d27cdb6e-ae6d-11cf-96b8-444553540000\" codebase=\"http:\/\/download.macromedia.com\/pub\/shockwave\/cabs\/flash\/swflash.cab#version=6,0,40,0\" name=\"dewplayer\"><param name=\"wmode\" value=\"transparent\" \/><param name=\"flashvars\" value=\"mp3=http:\/\/www.silvinavergara.com\/es\/mp3\/Silvina_Vergara_Pachelbel_Demo.mp3&amp;showtime=1&amp;volume=70\" \/><param name=\"src\" value=\"http:\/\/www.silvinavergara.com\/es\/dewplayer.swf\" \/><embed id=\"dewplayer\" width=\"200\" height=\"20\" type=\"application\/x-shockwave-flash\" src=\"http:\/\/www.silvinavergara.com\/es\/dewplayer.swf\" wmode=\"transparent\" flashvars=\"mp3=http:\/\/www.silvinavergara.com\/es\/mp3\/Silvina_Vergara_Pachelbel_Demo.mp3&amp;showtime=1&amp;volume=70\" name=\"dewplayer\" \/><\/object><\/p>\n<p>Un viaje a trav\u00e9s de todos los chakras &#8211; Canalizado mientras se reproduce el cuenco de cristal. De dulce hermoso poderoso!<br \/>\n2.- Invocaci\u00f3n &#8211; Demo<br \/>\n<object id=\"dewplayer\" width=\"200\" height=\"20\" classid=\"clsid:d27cdb6e-ae6d-11cf-96b8-444553540000\" codebase=\"http:\/\/download.macromedia.com\/pub\/shockwave\/cabs\/flash\/swflash.cab#version=6,0,40,0\" name=\"dewplayer\"><param name=\"wmode\" value=\"transparent\" \/><param name=\"flashvars\" value=\"mp3=http:\/\/www.silvinavergara.com\/es\/mp3\/Silvina_Vergara_Invocation_Demo.mp3&amp;showtime=1&amp;volume=70\" \/><param name=\"src\" value=\"http:\/\/www.silvinavergara.com\/es\/dewplayer.swf\" \/><embed id=\"dewplayer\" width=\"200\" height=\"20\" type=\"application\/x-shockwave-flash\" src=\"http:\/\/www.silvinavergara.com\/es\/dewplayer.swf\" wmode=\"transparent\" flashvars=\"mp3=http:\/\/www.silvinavergara.com\/es\/mp3\/Silvina_Vergara_Invocation_Demo.mp3&amp;showtime=1&amp;volume=70\" name=\"dewplayer\" \/><\/object><\/p>\n<p style=\"text-align: left;\"><strong>$17 US\u00a0<\/strong><\/p>\n<p><a href=\"http:\/\/kunaki.com\/MSales.asp?PublisherId=134643&amp;PP=1\" target=\"_blank\"><img loading=\"lazy\" decoding=\"async\" alt=\"Silvina Vergara ordernar-cd\" src=\"http:\/\/silvinavergara.com\/spanish\/wp-content\/uploads\/2012\/11\/ordernar-cd.png\" width=\"186\" height=\"79\" \/><\/a><\/p>\n<p>&nbsp;<\/p>\n<p>Descargar ahora<\/p>\n<p><a href=\"http:\/\/www.emusic.com\/album\/silvina-vergara\/silvina-and-the-angels-silvina-y-los-angeles\/14005978\/\"><img loading=\"lazy\" decoding=\"async\" alt=\"Silvina Vergara Cd descargalo-ahora\" src=\"http:\/\/silvinavergara.com\/spanish\/wp-content\/uploads\/2012\/11\/descargalo-ahora.png\" width=\"185\" height=\"82\" \/><\/a><\/p>\n<p>&nbsp;<\/p>\n<p>&nbsp;<\/p>\n<p>&nbsp;<\/p>\n<p>&nbsp;<\/p>\n<p>&nbsp;<\/p>\n<p><a href=\"http:\/\/silvinavergara.com\/spanish\/wp-content\/uploads\/2012\/11\/frecuencias-caja-cd-online.png\"><img loading=\"lazy\" decoding=\"async\" class=\"size-full wp-image-576 alignleft\" title=\"frecuencias-caja-cd-online\" alt=\"\" src=\"http:\/\/silvinavergara.com\/spanish\/wp-content\/uploads\/2012\/11\/frecuencias-caja-cd-online.png\" width=\"297\" height=\"283\" \/><\/a><\/p>\n<p>&nbsp;<\/p>\n<p>&nbsp;<\/p>\n<p>&nbsp;<\/p>\n<p>&nbsp;<\/p>\n<p>&#8211;<\/p>\n<p>&nbsp;<\/p>\n<p>&nbsp;<\/p>\n<p>&nbsp;<\/p>\n<p>&nbsp;<\/p>\n<p>&nbsp;<\/p>\n<p><strong>Frecuencias Sanadoras<\/strong><br \/>\nFebrero 20 2006<br \/>\nSilvina Vergara 2006<br \/>\nNueva Era \/Sanaci\u00f3n con Sonido \/\u00a0 Meditaci\u00f3n con Sonido \/ Campana Cristal<br \/>\nEn esta grabaci\u00f3n podr\u00e1 disfrutar relaxetion profundo y activaci\u00f3n creaci\u00f3n estado meditativo de la conciencia<\/p>\n<p>Coraz\u00f3n Apertura 18.43<br \/>\nConexi\u00f3n con el Espiritu\u00a0 19:50<\/p>\n<p>&nbsp;<\/p>\n<p><a href=\"http:\/\/kunaki.com\/MSales.asp?PublisherId=134643&amp;PP=1\" target=\"_blank\"><img loading=\"lazy\" decoding=\"async\" alt=\"Silvina Vergara ordernar-cd\" src=\"http:\/\/silvinavergara.com\/spanish\/wp-content\/uploads\/2012\/11\/ordernar-cd.png\" width=\"186\" height=\"79\" \/><\/a><\/p>\n<p>&nbsp;<\/p>\n<p>Descargar ahora proximamente<\/p>\n<p><a href=\"http:\/\/silvinavergara.com\/spanish\/wp-content\/uploads\/2012\/11\/descargalo-ahora.png\"><img loading=\"lazy\" decoding=\"async\" alt=\"Silvina Vergara Cd descargalo-ahora\" src=\"http:\/\/silvinavergara.com\/spanish\/wp-content\/uploads\/2012\/11\/descargalo-ahora.png\" width=\"185\" height=\"82\" \/><\/a><\/p>\n<p>&nbsp;<\/p>\n<p>&nbsp;<\/p>\n<p>&nbsp;<\/p>\n<p>&nbsp;<\/p>\n<p>&nbsp;<\/p>\n<p>&nbsp;<\/p>\n<p>&nbsp;<\/p>\n","protected":false},"excerpt":{"rendered":"<p>\u00a0 Alma del Viento Por Silvina Vergara \u00a9 Copyright &#8211; Silvina Vergara \/ \u00a0 \u00a0\u00a0\u00a0\u00a0\u00a0\u00a0\u00a0\u00a0\u00a0\u00a0 \u00a0 \u00a0 \u00a0 \u00a0 \u00a0 \u00a0 \u00a0 \u00a0 \u00a0 \u00a0 \u00a0 \u00a0 \u00a0 \u00a0 \u00a0 \u00a0 \u00a0 \u00a0 \u00a0 \u00a0 \u00a0 \u00a0 \u00a0 \u00a0 \u00a0 \u00a0 \u00a0\u00a0 Ordenar CD\u00a0 Aqui \u00a0 \u00a0 \u00a0 Claro de Luna en el Bosque \/Moonlight Sonata In The Woods Por Silvina Vergara \u00a9 Copyright &#8211; Silvina Vergara \/ Silvina Vergara (888174030753) \u00a0 \u00a0 \u00a0 \u00a0 \u00a0 \u00a0 \u00a0 Julio 2013&hellip;<\/p>\n","protected":false},"author":1,"featured_media":0,"parent":0,"menu_order":0,"comment_status":"open","ping_status":"open","template":"archives.php","meta":{"footnotes":""},"class_list":["post-557","page","type-page","status-publish","hentry"],"_links":{"self":[{"href":"https:\/\/silvinavergara.com\/spanish\/wp-json\/wp\/v2\/pages\/557","targetHints":{"allow":["GET"]}}],"collection":[{"href":"https:\/\/silvinavergara.com\/spanish\/wp-json\/wp\/v2\/pages"}],"about":[{"href":"https:\/\/silvinavergara.com\/spanish\/wp-json\/wp\/v2\/types\/page"}],"author":[{"embeddable":true,"href":"https:\/\/silvinavergara.com\/spanish\/wp-json\/wp\/v2\/users\/1"}],"replies":[{"embeddable":true,"href":"https:\/\/silvinavergara.com\/spanish\/wp-json\/wp\/v2\/comments?post=557"}],"version-history":[{"count":44,"href":"https:\/\/silvinavergara.com\/spanish\/wp-json\/wp\/v2\/pages\/557\/revisions"}],"predecessor-version":[{"id":1061,"href":"https:\/\/silvinavergara.com\/spanish\/wp-json\/wp\/v2\/pages\/557\/revisions\/1061"}],"wp:attachment":[{"href":"https:\/\/silvinavergara.com\/spanish\/wp-json\/wp\/v2\/media?parent=557"}],"curies":[{"name":"wp","href":"https:\/\/api.w.org\/{rel}","templated":true}]}}